{"id":14,"date":"2018-07-30T19:05:40","date_gmt":"2018-07-31T00:05:40","guid":{"rendered":"https:\/\/www.turk.ca\/?page_id=14"},"modified":"2024-03-19T17:07:10","modified_gmt":"2024-03-19T21:07:10","slug":"contact-us","status":"publish","type":"page","link":"https:\/\/www.turk.ca\/tr\/contact-us\/","title":{"rendered":"Bize Ula\u015f\u0131n"},"content":{"rendered":"<div data-elementor-type=\"wp-post\" data-elementor-id=\"14\" class=\"elementor elementor-14\">\n\t\t\t\t\t\t<section class=\"elementor-section elementor-top-section elementor-element elementor-element-5b38092d elementor-section-full_width elementor-section-height-min-height elementor-section-content-middle elementor-section-height-default elementor-section-items-middle\" data-id=\"5b38092d\" data-element_type=\"section\" data-settings=\"{&quot;background_background&quot;:&quot;gradient&quot;}\">\n\t\t\t\t\t\t\t<div class=\"elementor-background-overlay\"><\/div>\n\t\t\t\t\t\t\t<div class=\"elementor-container elementor-column-gap-default\">\n\t\t\t\t\t<div class=\"elementor-column elementor-col-100 elementor-top-column elementor-element elementor-element-6e5bf9a3\" data-id=\"6e5bf9a3\" data-element_type=\"column\">\n\t\t\t<div class=\"elementor-widget-wrap elementor-element-populated\">\n\t\t\t\t\t\t<div class=\"elementor-element elementor-element-b5cc750 elementor-widget elementor-widget-heading\" data-id=\"b5cc750\" data-element_type=\"widget\" data-widget_type=\"heading.default\">\n\t\t\t\t<div class=\"elementor-widget-container\">\n\t\t\t\t\t<h2 class=\"elementor-heading-title elementor-size-default\"><b>Bize Ula\u015f\u0131n<\/b><\/h2>\t\t\t\t<\/div>\n\t\t\t\t<\/div>\n\t\t\t\t\t<\/div>\n\t\t<\/div>\n\t\t\t\t\t<\/div>\n\t\t<\/section>\n\t\t\t\t<section class=\"elementor-section elementor-top-section elementor-element elementor-element-5f68207b elementor-section-boxed elementor-section-height-default elementor-section-height-default\" data-id=\"5f68207b\" data-element_type=\"section\" data-settings=\"{&quot;background_background&quot;:&quot;classic&quot;}\">\n\t\t\t\t\t\t<div class=\"elementor-container elementor-column-gap-default\">\n\t\t\t\t\t<div class=\"elementor-column elementor-col-33 elementor-top-column elementor-element elementor-element-2f3da83\" data-id=\"2f3da83\" data-element_type=\"column\">\n\t\t\t<div class=\"elementor-widget-wrap elementor-element-populated\">\n\t\t\t\t\t\t<div class=\"elementor-element elementor-element-5cd56e3c elementor-widget__width-initial elementor-view-default elementor-position-top elementor-mobile-position-top elementor-widget elementor-widget-icon-box\" data-id=\"5cd56e3c\" data-element_type=\"widget\" data-widget_type=\"icon-box.default\">\n\t\t\t\t<div class=\"elementor-widget-container\">\n\t\t\t\t\t\t\t<div class=\"elementor-icon-box-wrapper\">\n\n\t\t\t\t\t\t<div class=\"elementor-icon-box-icon\">\n\t\t\t\t<span  class=\"elementor-icon elementor-animation-\">\n\t\t\t\t<i aria-hidden=\"true\" class=\"fas fa-home\"><\/i>\t\t\t\t<\/span>\n\t\t\t<\/div>\n\t\t\t\n\t\t\t\t\t\t<div class=\"elementor-icon-box-content\">\n\n\t\t\t\t\t\t\t\t\t<h3 class=\"elementor-icon-box-title\">\n\t\t\t\t\t\t<span  >\n\t\t\t\t\t\t\tPosta Kutumuz\t\t\t\t\t\t<\/span>\n\t\t\t\t\t<\/h3>\n\t\t\t\t\n\t\t\t\t\n\t\t\t<\/div>\n\t\t\t\n\t\t<\/div>\n\t\t\t\t\t\t<\/div>\n\t\t\t\t<\/div>\n\t\t\t\t<div class=\"elementor-element elementor-element-3eafe91 elementor-widget__width-initial elementor-widget elementor-widget-heading\" data-id=\"3eafe91\" data-element_type=\"widget\" data-widget_type=\"heading.default\">\n\t\t\t\t<div class=\"elementor-widget-container\">\n\t\t\t\t\t<h5 class=\"elementor-heading-title elementor-size-large\"><u>T\u00fcrk Kanada K\u00fclt\u00fcr Derne\u011fi<\/u>\n<br><br>\n110 Didsbury Road M:182, Ottawa, ON\n K2T 0C2<\/h5>\t\t\t\t<\/div>\n\t\t\t\t<\/div>\n\t\t\t\t\t<\/div>\n\t\t<\/div>\n\t\t\t\t<div class=\"elementor-column elementor-col-33 elementor-top-column elementor-element elementor-element-1ed79cef\" data-id=\"1ed79cef\" data-element_type=\"column\">\n\t\t\t<div class=\"elementor-widget-wrap elementor-element-populated\">\n\t\t\t\t\t\t<div class=\"elementor-element elementor-element-307a075b elementor-view-default elementor-position-top elementor-mobile-position-top elementor-widget elementor-widget-icon-box\" data-id=\"307a075b\" data-element_type=\"widget\" data-widget_type=\"icon-box.default\">\n\t\t\t\t<div class=\"elementor-widget-container\">\n\t\t\t\t\t\t\t<div class=\"elementor-icon-box-wrapper\">\n\n\t\t\t\t\t\t<div class=\"elementor-icon-box-icon\">\n\t\t\t\t<span  class=\"elementor-icon elementor-animation-\">\n\t\t\t\t<i aria-hidden=\"true\" class=\"far fa-envelope\"><\/i>\t\t\t\t<\/span>\n\t\t\t<\/div>\n\t\t\t\n\t\t\t\t\t\t<div class=\"elementor-icon-box-content\">\n\n\t\t\t\t\t\t\t\t\t<h3 class=\"elementor-icon-box-title\">\n\t\t\t\t\t\t<span  >\n\t\t\t\t\t\t\tBize Ula\u015f\u0131n\t\t\t\t\t\t<\/span>\n\t\t\t\t\t<\/h3>\n\t\t\t\t\n\t\t\t\t\n\t\t\t<\/div>\n\t\t\t\n\t\t<\/div>\n\t\t\t\t\t\t<\/div>\n\t\t\t\t<\/div>\n\t\t\t\t<div class=\"elementor-element elementor-element-4d3af468 elementor-widget elementor-widget-heading\" data-id=\"4d3af468\" data-element_type=\"widget\" data-widget_type=\"heading.default\">\n\t\t\t\t<div class=\"elementor-widget-container\">\n\t\t\t\t\t<p class=\"elementor-heading-title elementor-size-large\">info@turk.ca<\/p>\t\t\t\t<\/div>\n\t\t\t\t<\/div>\n\t\t\t\t\t<\/div>\n\t\t<\/div>\n\t\t\t\t<div class=\"elementor-column elementor-col-33 elementor-top-column elementor-element elementor-element-23f9d80\" data-id=\"23f9d80\" data-element_type=\"column\">\n\t\t\t<div class=\"elementor-widget-wrap elementor-element-populated\">\n\t\t\t\t\t\t<div class=\"elementor-element elementor-element-9509b10 elementor-view-default elementor-position-top elementor-mobile-position-top elementor-widget elementor-widget-icon-box\" data-id=\"9509b10\" data-element_type=\"widget\" data-widget_type=\"icon-box.default\">\n\t\t\t\t<div class=\"elementor-widget-container\">\n\t\t\t\t\t\t\t<div class=\"elementor-icon-box-wrapper\">\n\n\t\t\t\t\t\t<div class=\"elementor-icon-box-icon\">\n\t\t\t\t<span  class=\"elementor-icon elementor-animation-\">\n\t\t\t\t<i aria-hidden=\"true\" class=\"fab fa-instagram\"><\/i>\t\t\t\t<\/span>\n\t\t\t<\/div>\n\t\t\t\n\t\t\t\t\t\t<div class=\"elementor-icon-box-content\">\n\n\t\t\t\t\t\t\t\t\t<h3 class=\"elementor-icon-box-title\">\n\t\t\t\t\t\t<span  >\n\t\t\t\t\t\t\tBizi Takip Edin\t\t\t\t\t\t<\/span>\n\t\t\t\t\t<\/h3>\n\t\t\t\t\n\t\t\t\t\n\t\t\t<\/div>\n\t\t\t\n\t\t<\/div>\n\t\t\t\t\t\t<\/div>\n\t\t\t\t<\/div>\n\t\t\t\t<div class=\"elementor-element elementor-element-7020cdc elementor-widget elementor-widget-heading\" data-id=\"7020cdc\" data-element_type=\"widget\" data-widget_type=\"heading.default\">\n\t\t\t\t<div class=\"elementor-widget-container\">\n\t\t\t\t\t<p class=\"elementor-heading-title elementor-size-large\">@ottawaturk<\/p>\t\t\t\t<\/div>\n\t\t\t\t<\/div>\n\t\t\t\t\t<\/div>\n\t\t<\/div>\n\t\t\t\t\t<\/div>\n\t\t<\/section>\n\t\t\t\t<\/div>","protected":false},"excerpt":{"rendered":"<p>Contact Us Our p.o box Turkish Canadian Cultural Association 110 Didsbury Road M:182, Ottawa, ON K2T 0C2 Contact us info@turk.ca follow us @ottawaturk<\/p>","protected":false},"author":1,"featured_media":0,"parent":0,"menu_order":0,"comment_status":"closed","ping_status":"closed","template":"","meta":{"footnotes":""},"class_list":["post-14","page","type-page","status-publish","hentry","entry"],"yoast_head":"<!-- This site is optimized with the Yoast SEO plugin v24.1 - https:\/\/yoast.com\/wordpress\/plugins\/seo\/ -->\n<title>Contact Us - Turkish Canadian Cultural Association<\/title>\n<meta name=\"robots\" content=\"index, follow, max-snippet:-1, max-image-preview:large, max-video-preview:-1\" \/>\n<link rel=\"canonical\" href=\"https:\/\/www.turk.ca\/tr\/contact-us\/\" \/>\n<meta property=\"og:locale\" content=\"tr_TR\" \/>\n<meta property=\"og:type\" content=\"article\" \/>\n<meta property=\"og:title\" content=\"Contact Us - Turkish Canadian Cultural Association\" \/>\n<meta property=\"og:description\" content=\"Contact Us Our p.o box Turkish Canadian Cultural Association 110 Didsbury Road M:182, Ottawa, ON K2T 0C2 Contact us info@turk.ca follow us @ottawaturk\" \/>\n<meta property=\"og:url\" content=\"https:\/\/www.turk.ca\/tr\/contact-us\/\" \/>\n<meta property=\"og:site_name\" content=\"Turkish Canadian Cultural Association\" \/>\n<meta property=\"article:modified_time\" content=\"2024-03-19T21:07:10+00:00\" \/>\n<meta name=\"twitter:label1\" content=\"Tahmini okuma s\u00fcresi\" \/>\n\t<meta name=\"twitter:data1\" content=\"1 dakika\" \/>\n<script type=\"application\/ld+json\" class=\"yoast-schema-graph\">{\"@context\":\"https:\/\/schema.org\",\"@graph\":[{\"@type\":\"WebPage\",\"@id\":\"https:\/\/www.turk.ca\/contact-us\/\",\"url\":\"https:\/\/www.turk.ca\/contact-us\/\",\"name\":\"Contact Us - Turkish Canadian Cultural Association\",\"isPartOf\":{\"@id\":\"http:\/\/wp214476.wpdns.ca\/#website\"},\"datePublished\":\"2018-07-31T00:05:40+00:00\",\"dateModified\":\"2024-03-19T21:07:10+00:00\",\"breadcrumb\":{\"@id\":\"https:\/\/www.turk.ca\/contact-us\/#breadcrumb\"},\"inLanguage\":\"tr\",\"potentialAction\":[{\"@type\":\"ReadAction\",\"target\":[\"https:\/\/www.turk.ca\/contact-us\/\"]}]},{\"@type\":\"BreadcrumbList\",\"@id\":\"https:\/\/www.turk.ca\/contact-us\/#breadcrumb\",\"itemListElement\":[{\"@type\":\"ListItem\",\"position\":1,\"name\":\"Home\",\"item\":\"https:\/\/www.turk.ca\/\"},{\"@type\":\"ListItem\",\"position\":2,\"name\":\"Contact Us\"}]},{\"@type\":\"WebSite\",\"@id\":\"http:\/\/wp214476.wpdns.ca\/#website\",\"url\":\"http:\/\/wp214476.wpdns.ca\/\",\"name\":\"Turkish Canadian Cultural Association\",\"description\":\"Broaden Your Culture!\",\"publisher\":{\"@id\":\"http:\/\/wp214476.wpdns.ca\/#organization\"},\"potentialAction\":[{\"@type\":\"SearchAction\",\"target\":{\"@type\":\"EntryPoint\",\"urlTemplate\":\"http:\/\/wp214476.wpdns.ca\/?s={search_term_string}\"},\"query-input\":{\"@type\":\"PropertyValueSpecification\",\"valueRequired\":true,\"valueName\":\"search_term_string\"}}],\"inLanguage\":\"tr\"},{\"@type\":\"Organization\",\"@id\":\"http:\/\/wp214476.wpdns.ca\/#organization\",\"name\":\"Turkish Canadian Cultural Association\",\"url\":\"http:\/\/wp214476.wpdns.ca\/\",\"logo\":{\"@type\":\"ImageObject\",\"inLanguage\":\"tr\",\"@id\":\"http:\/\/wp214476.wpdns.ca\/#\/schema\/logo\/image\/\",\"url\":\"https:\/\/www.turk.ca\/wp-content\/uploads\/2024\/02\/cropped-cropped-Logo1-02-removebg-preview-1.png\",\"contentUrl\":\"https:\/\/www.turk.ca\/wp-content\/uploads\/2024\/02\/cropped-cropped-Logo1-02-removebg-preview-1.png\",\"width\":512,\"height\":512,\"caption\":\"Turkish Canadian Cultural Association\"},\"image\":{\"@id\":\"http:\/\/wp214476.wpdns.ca\/#\/schema\/logo\/image\/\"}}]}<\/script>\n<!-- \/ Yoast SEO plugin. -->","yoast_head_json":{"title":"Contact Us - Turkish Canadian Cultural Association","robots":{"index":"index","follow":"follow","max-snippet":"max-snippet:-1","max-image-preview":"max-image-preview:large","max-video-preview":"max-video-preview:-1"},"canonical":"https:\/\/www.turk.ca\/tr\/contact-us\/","og_locale":"tr_TR","og_type":"article","og_title":"Contact Us - Turkish Canadian Cultural Association","og_description":"Contact Us Our p.o box Turkish Canadian Cultural Association 110 Didsbury Road M:182, Ottawa, ON K2T 0C2 Contact us info@turk.ca follow us @ottawaturk","og_url":"https:\/\/www.turk.ca\/tr\/contact-us\/","og_site_name":"Turkish Canadian Cultural Association","article_modified_time":"2024-03-19T21:07:10+00:00","twitter_misc":{"Tahmini okuma s\u00fcresi":"1 dakika"},"schema":{"@context":"https:\/\/schema.org","@graph":[{"@type":"WebPage","@id":"https:\/\/www.turk.ca\/contact-us\/","url":"https:\/\/www.turk.ca\/contact-us\/","name":"Contact Us - Turkish Canadian Cultural Association","isPartOf":{"@id":"http:\/\/wp214476.wpdns.ca\/#website"},"datePublished":"2018-07-31T00:05:40+00:00","dateModified":"2024-03-19T21:07:10+00:00","breadcrumb":{"@id":"https:\/\/www.turk.ca\/contact-us\/#breadcrumb"},"inLanguage":"tr","potentialAction":[{"@type":"ReadAction","target":["https:\/\/www.turk.ca\/contact-us\/"]}]},{"@type":"BreadcrumbList","@id":"https:\/\/www.turk.ca\/contact-us\/#breadcrumb","itemListElement":[{"@type":"ListItem","position":1,"name":"Home","item":"https:\/\/www.turk.ca\/"},{"@type":"ListItem","position":2,"name":"Contact Us"}]},{"@type":"WebSite","@id":"http:\/\/wp214476.wpdns.ca\/#website","url":"http:\/\/wp214476.wpdns.ca\/","name":"Turkish Canadian Cultural Association","description":"Broaden Your Culture!","publisher":{"@id":"http:\/\/wp214476.wpdns.ca\/#organization"},"potentialAction":[{"@type":"SearchAction","target":{"@type":"EntryPoint","urlTemplate":"http:\/\/wp214476.wpdns.ca\/?s={search_term_string}"},"query-input":{"@type":"PropertyValueSpecification","valueRequired":true,"valueName":"search_term_string"}}],"inLanguage":"tr"},{"@type":"Organization","@id":"http:\/\/wp214476.wpdns.ca\/#organization","name":"Turkish Canadian Cultural Association","url":"http:\/\/wp214476.wpdns.ca\/","logo":{"@type":"ImageObject","inLanguage":"tr","@id":"http:\/\/wp214476.wpdns.ca\/#\/schema\/logo\/image\/","url":"https:\/\/www.turk.ca\/wp-content\/uploads\/2024\/02\/cropped-cropped-Logo1-02-removebg-preview-1.png","contentUrl":"https:\/\/www.turk.ca\/wp-content\/uploads\/2024\/02\/cropped-cropped-Logo1-02-removebg-preview-1.png","width":512,"height":512,"caption":"Turkish Canadian Cultural Association"},"image":{"@id":"http:\/\/wp214476.wpdns.ca\/#\/schema\/logo\/image\/"}}]}},"_links":{"self":[{"href":"https:\/\/www.turk.ca\/tr\/wp-json\/wp\/v2\/pages\/14"}],"collection":[{"href":"https:\/\/www.turk.ca\/tr\/wp-json\/wp\/v2\/pages"}],"about":[{"href":"https:\/\/www.turk.ca\/tr\/wp-json\/wp\/v2\/types\/page"}],"author":[{"embeddable":true,"href":"https:\/\/www.turk.ca\/tr\/wp-json\/wp\/v2\/users\/1"}],"replies":[{"embeddable":true,"href":"https:\/\/www.turk.ca\/tr\/wp-json\/wp\/v2\/comments?post=14"}],"version-history":[{"count":18,"href":"https:\/\/www.turk.ca\/tr\/wp-json\/wp\/v2\/pages\/14\/revisions"}],"predecessor-version":[{"id":1132,"href":"https:\/\/www.turk.ca\/tr\/wp-json\/wp\/v2\/pages\/14\/revisions\/1132"}],"wp:attachment":[{"href":"https:\/\/www.turk.ca\/tr\/wp-json\/wp\/v2\/media?parent=14"}],"curies":[{"name":"wp","href":"https:\/\/api.w.org\/{rel}","templated":true}]}}