{"id":246,"date":"2018-08-07T12:41:26","date_gmt":"2018-08-07T17:41:26","guid":{"rendered":"https:\/\/www.turk.ca\/?page_id=246"},"modified":"2024-06-09T15:49:42","modified_gmt":"2024-06-09T19:49:42","slug":"uyelik","status":"publish","type":"page","link":"https:\/\/www.turk.ca\/tr\/uyelik\/","title":{"rendered":"\u00dcyelik"},"content":{"rendered":"<div data-elementor-type=\"wp-post\" data-elementor-id=\"246\" class=\"elementor elementor-246\">\n\t\t\t\t\t\t<section class=\"elementor-section elementor-top-section elementor-element elementor-element-4a5fbfab elementor-section-full_width elementor-section-height-min-height elementor-section-height-default elementor-section-items-middle\" data-id=\"4a5fbfab\" data-element_type=\"section\" data-settings=\"{&quot;background_background&quot;:&quot;gradient&quot;}\">\n\t\t\t\t\t\t\t<div class=\"elementor-background-overlay\"><\/div>\n\t\t\t\t\t\t\t<div class=\"elementor-container elementor-column-gap-default\">\n\t\t\t\t\t<div class=\"elementor-column elementor-col-100 elementor-top-column elementor-element elementor-element-6cb57067\" data-id=\"6cb57067\" data-element_type=\"column\">\n\t\t\t<div class=\"elementor-widget-wrap elementor-element-populated\">\n\t\t\t\t\t\t<div class=\"elementor-element elementor-element-5dabe3b6 elementor-widget elementor-widget-heading\" data-id=\"5dabe3b6\" data-element_type=\"widget\" data-widget_type=\"heading.default\">\n\t\t\t\t<div class=\"elementor-widget-container\">\n\t\t\t\t\t<h2 class=\"elementor-heading-title elementor-size-default\"><b>\u00dcyelik<\/b><\/h2>\t\t\t\t<\/div>\n\t\t\t\t<\/div>\n\t\t\t\t\t<\/div>\n\t\t<\/div>\n\t\t\t\t\t<\/div>\n\t\t<\/section>\n\t\t\t\t<section class=\"elementor-section elementor-top-section elementor-element elementor-element-7156072 elementor-section-boxed elementor-section-height-default elementor-section-height-default\" data-id=\"7156072\" data-element_type=\"section\">\n\t\t\t\t\t\t<div class=\"elementor-container elementor-column-gap-default\">\n\t\t\t\t\t<div class=\"elementor-column elementor-col-100 elementor-top-column elementor-element elementor-element-31d3273\" data-id=\"31d3273\" data-element_type=\"column\">\n\t\t\t<div class=\"elementor-widget-wrap elementor-element-populated\">\n\t\t\t\t\t\t<div class=\"elementor-element elementor-element-58e8234 elementor-widget elementor-widget-heading\" data-id=\"58e8234\" data-element_type=\"widget\" data-widget_type=\"heading.default\">\n\t\t\t\t<div class=\"elementor-widget-container\">\n\t\t\t\t\t<h2 class=\"elementor-heading-title elementor-size-default\">Derne\u011fimizin \u00dcyesi Olun<\/h2>\t\t\t\t<\/div>\n\t\t\t\t<\/div>\n\t\t\t\t<div class=\"elementor-element elementor-element-d7fc5c6 elementor-widget elementor-widget-text-editor\" data-id=\"d7fc5c6\" data-element_type=\"widget\" data-widget_type=\"text-editor.default\">\n\t\t\t\t<div class=\"elementor-widget-container\">\n\t\t\t\t\t\t\t\t\t<p>Derne\u011fimizin \u00fcyesi olmak i\u00e7in g\u00f6stermi\u015f oldu\u011funuz ilgiye te\u015fekk\u00fcr ederiz. TKKD \u00fcyesi olarak, Ottawa b\u00f6lgesinde T\u00fcrkiye'nin tarihini, k\u00fclt\u00fcr\u00fcn\u00fc, yemeklerini ve dilini \u00f6nemseyen T\u00fcrk-Kanadal\u0131lar ve T\u00fcrkiye dostlar\u0131ndan olu\u015fan bir a\u011f\u0131n par\u00e7as\u0131 olacaks\u0131n\u0131z. Etkinlikler, sergiler, festivaller, e\u011fitim seminerleri ve kurslar arac\u0131l\u0131\u011f\u0131yla bu de\u011ferleri birlikte ya\u015fataca\u011f\u0131z.<\/p>\t\t\t\t\t\t\t\t<\/div>\n\t\t\t\t<\/div>\n\t\t\t\t\t<\/div>\n\t\t<\/div>\n\t\t\t\t\t<\/div>\n\t\t<\/section>\n\t\t\t\t<section class=\"elementor-section elementor-top-section elementor-element elementor-element-1a3fd0c elementor-section-boxed elementor-section-height-default elementor-section-height-default\" data-id=\"1a3fd0c\" data-element_type=\"section\">\n\t\t\t\t\t\t<div class=\"elementor-container elementor-column-gap-default\">\n\t\t\t\t\t<div class=\"elementor-column elementor-col-50 elementor-top-column elementor-element elementor-element-582bbb3\" data-id=\"582bbb3\" data-element_type=\"column\">\n\t\t\t<div class=\"elementor-widget-wrap elementor-element-populated\">\n\t\t\t\t\t\t<div class=\"elementor-element elementor-element-ed9e343 elementor-widget elementor-widget-heading\" data-id=\"ed9e343\" data-element_type=\"widget\" data-widget_type=\"heading.default\">\n\t\t\t\t<div class=\"elementor-widget-container\">\n\t\t\t\t\t<h2 class=\"elementor-heading-title elementor-size-default\">\u00dcyeli\u011fe Uygunluk<\/h2>\t\t\t\t<\/div>\n\t\t\t\t<\/div>\n\t\t\t\t<div class=\"elementor-element elementor-element-fcf39e7 elementor-widget elementor-widget-text-editor\" data-id=\"fcf39e7\" data-element_type=\"widget\" data-widget_type=\"text-editor.default\">\n\t\t\t\t<div class=\"elementor-widget-container\">\n\t\t\t\t\t\t\t\t\t<p>Derne\u011fin potansiyel \u00fcyeleri, TKKD'nin t\u00fcz\u00fc\u011f\u00fcn\u00fc, hedeflerini ve ama\u00e7lar\u0131n\u0131 kabul etmelidir. \u00dcyelik i\u00e7in ba\u015fvuru yapmalar\u0131 ve ba\u015fvurular\u0131n\u0131n kabul edilmesi gerekmektedir.<\/p>\n<p>Ba\u015fvurunuzun sonu\u00e7lar\u0131 olumlu veya olumsuz size iletilecektir.<\/p>\t\t\t\t\t\t\t\t<\/div>\n\t\t\t\t<\/div>\n\t\t\t\t\t<\/div>\n\t\t<\/div>\n\t\t\t\t<div class=\"elementor-column elementor-col-50 elementor-top-column elementor-element elementor-element-e356184\" data-id=\"e356184\" data-element_type=\"column\">\n\t\t\t<div class=\"elementor-widget-wrap elementor-element-populated\">\n\t\t\t\t\t\t<div class=\"elementor-element elementor-element-9b85b8d elementor-widget elementor-widget-heading\" data-id=\"9b85b8d\" data-element_type=\"widget\" data-widget_type=\"heading.default\">\n\t\t\t\t<div class=\"elementor-widget-container\">\n\t\t\t\t\t<h2 class=\"elementor-heading-title elementor-size-default\">\u00dcyeli\u011fe Ba\u015fvuru<\/h2>\t\t\t\t<\/div>\n\t\t\t\t<\/div>\n\t\t\t\t<div class=\"elementor-element elementor-element-e2ac885 elementor-widget elementor-widget-text-editor\" data-id=\"e2ac885\" data-element_type=\"widget\" data-widget_type=\"text-editor.default\">\n\t\t\t\t<div class=\"elementor-widget-container\">\n\t\t\t\t\t\t\t\t\t<p>Derne\u011fe \u00fcye olabilmek i\u00e7in ki\u015fi veya ailelerin a\u015fa\u011f\u0131daki formu doldurarak \u00fcyelik \u00fccretini yat\u0131rmalar\u0131 gerekmektedir.<\/p><p class=\"translation-block\">\u00dcyelik \u00fccretlerinizi <strong> Interac e-transfer<\/strong> yoluyla <strong> info@turk.ca<\/strong> adresine g\u00f6nderebilirsiniz.<\/p>\t\t\t\t\t\t\t\t<\/div>\n\t\t\t\t<\/div>\n\t\t\t\t\t<\/div>\n\t\t<\/div>\n\t\t\t\t\t<\/div>\n\t\t<\/section>\n\t\t\t\t<section class=\"elementor-section elementor-top-section elementor-element elementor-element-79a31bd elementor-section-boxed elementor-section-height-default elementor-section-height-default\" data-id=\"79a31bd\" data-element_type=\"section\">\n\t\t\t\t\t\t<div class=\"elementor-container elementor-column-gap-default\">\n\t\t\t\t\t<div class=\"elementor-column elementor-col-100 elementor-top-column elementor-element elementor-element-1b2742f\" data-id=\"1b2742f\" data-element_type=\"column\">\n\t\t\t<div class=\"elementor-widget-wrap elementor-element-populated\">\n\t\t\t\t\t\t<div class=\"elementor-element elementor-element-9cc75f4 elementor-widget elementor-widget-heading\" data-id=\"9cc75f4\" data-element_type=\"widget\" data-widget_type=\"heading.default\">\n\t\t\t\t<div class=\"elementor-widget-container\">\n\t\t\t\t\t<h2 class=\"elementor-heading-title elementor-size-default\">\u00dcyelik Kategorileri<\/h2>\t\t\t\t<\/div>\n\t\t\t\t<\/div>\n\t\t\t\t<div class=\"elementor-element elementor-element-f80be6d elementor-widget elementor-widget-text-editor\" data-id=\"f80be6d\" data-element_type=\"widget\" data-widget_type=\"text-editor.default\">\n\t\t\t\t<div class=\"elementor-widget-container\">\n\t\t\t\t\t\t\t\t\t<p>TCCA provides various membership options including individual, family, and student levels, allowing you to tailor your engagement and interaction with the association to your preferences. All memberships are valid from AGM to next AGM.<\/p><p><strong>Bireysel \u00dcyelik: $25 CAD<\/strong><br \/><strong>Aile \u00dcyeli\u011fi: $30 CAD (2 yeti\u015fkin ve 25 ya\u015f alt\u0131 aile \u00fcyeleri dahildir)<\/strong><br \/><strong>\u00d6\u011frenci \u00dcyeli\u011fi: $20 CAD (25 ya\u015f alt\u0131)<\/strong><\/p><p>Y\u0131ll\u0131k \u00fcyelik \u00fccretini \u00f6deyen her TKKD \u00fcyesi, Y\u00f6netim Kurulu i\u00e7in aday g\u00f6sterme ve y\u0131ll\u0131k se\u00e7imlere kat\u0131lma ayr\u0131cal\u0131\u011f\u0131na sahiptir. Ek olarak, t\u00fcm \u00fcyeler TKKD'nin e-posta listesine eklenecektir.<\/p>\t\t\t\t\t\t\t\t<\/div>\n\t\t\t\t<\/div>\n\t\t\t\t\t<\/div>\n\t\t<\/div>\n\t\t\t\t\t<\/div>\n\t\t<\/section>\n\t\t\t\t<section class=\"elementor-section elementor-top-section elementor-element elementor-element-3211929 elementor-section-boxed elementor-section-height-default elementor-section-height-default\" data-id=\"3211929\" data-element_type=\"section\">\n\t\t\t\t\t\t<div class=\"elementor-container elementor-column-gap-default\">\n\t\t\t\t\t<div class=\"elementor-column elementor-col-100 elementor-top-column elementor-element elementor-element-e1426e6\" data-id=\"e1426e6\" data-element_type=\"column\">\n\t\t\t<div class=\"elementor-widget-wrap elementor-element-populated\">\n\t\t\t\t\t\t<div class=\"elementor-element elementor-element-cfc3949 elementor-widget elementor-widget-html\" data-id=\"cfc3949\" data-element_type=\"widget\" data-widget_type=\"html.default\">\n\t\t\t\t<div class=\"elementor-widget-container\">\n\t\t\t\t\t<script type=\"text\/javascript\" src=\"https:\/\/form.jotform.com\/jsform\/240369294016255\"><\/script>\t\t\t\t<\/div>\n\t\t\t\t<\/div>\n\t\t\t\t\t<\/div>\n\t\t<\/div>\n\t\t\t\t\t<\/div>\n\t\t<\/section>\n\t\t\t\t<\/div>","protected":false},"excerpt":{"rendered":"<p>Membership Become a TCCA Member Thank you for your interest in becoming a member of the Turkish Canadian Cultural Association(TCCA). By becoming an TCCA member you will be part of a network of Turkish-Canadians and friends of T\u00fcrkiye who care about the history, culture, food and language of T\u00fcrkiye in the Capital Region through events, [&hellip;]<\/p>","protected":false},"author":1,"featured_media":0,"parent":0,"menu_order":0,"comment_status":"closed","ping_status":"closed","template":"","meta":{"footnotes":""},"class_list":["post-246","page","type-page","status-publish","hentry","entry"],"yoast_head":"<!-- This site is optimized with the Yoast SEO plugin v24.1 - https:\/\/yoast.com\/wordpress\/plugins\/seo\/ -->\n<title>Membership - Turkish Canadian Cultural Association<\/title>\n<meta name=\"robots\" content=\"index, follow, max-snippet:-1, max-image-preview:large, max-video-preview:-1\" \/>\n<link rel=\"canonical\" href=\"https:\/\/www.turk.ca\/tr\/uyelik\/\" \/>\n<meta property=\"og:locale\" content=\"tr_TR\" \/>\n<meta property=\"og:type\" content=\"article\" \/>\n<meta property=\"og:title\" content=\"Membership - Turkish Canadian Cultural Association\" \/>\n<meta property=\"og:description\" content=\"Membership Become a TCCA Member Thank you for your interest in becoming a member of the Turkish Canadian Cultural Association(TCCA). By becoming an TCCA member you will be part of a network of Turkish-Canadians and friends of T\u00fcrkiye who care about the history, culture, food and language of T\u00fcrkiye in the Capital Region through events, [&hellip;]\" \/>\n<meta property=\"og:url\" content=\"https:\/\/www.turk.ca\/tr\/uyelik\/\" \/>\n<meta property=\"og:site_name\" content=\"Turkish Canadian Cultural Association\" \/>\n<meta property=\"article:modified_time\" content=\"2024-06-09T19:49:42+00:00\" \/>\n<meta name=\"twitter:label1\" content=\"Tahmini okuma s\u00fcresi\" \/>\n\t<meta name=\"twitter:data1\" content=\"2 dakika\" \/>\n<script type=\"application\/ld+json\" class=\"yoast-schema-graph\">{\"@context\":\"https:\/\/schema.org\",\"@graph\":[{\"@type\":\"WebPage\",\"@id\":\"https:\/\/www.turk.ca\/uyelik\/\",\"url\":\"https:\/\/www.turk.ca\/uyelik\/\",\"name\":\"Membership - Turkish Canadian Cultural Association\",\"isPartOf\":{\"@id\":\"http:\/\/wp214476.wpdns.ca\/#website\"},\"datePublished\":\"2018-08-07T17:41:26+00:00\",\"dateModified\":\"2024-06-09T19:49:42+00:00\",\"breadcrumb\":{\"@id\":\"https:\/\/www.turk.ca\/uyelik\/#breadcrumb\"},\"inLanguage\":\"tr\",\"potentialAction\":[{\"@type\":\"ReadAction\",\"target\":[\"https:\/\/www.turk.ca\/uyelik\/\"]}]},{\"@type\":\"BreadcrumbList\",\"@id\":\"https:\/\/www.turk.ca\/uyelik\/#breadcrumb\",\"itemListElement\":[{\"@type\":\"ListItem\",\"position\":1,\"name\":\"Home\",\"item\":\"https:\/\/www.turk.ca\/\"},{\"@type\":\"ListItem\",\"position\":2,\"name\":\"Membership\"}]},{\"@type\":\"WebSite\",\"@id\":\"http:\/\/wp214476.wpdns.ca\/#website\",\"url\":\"http:\/\/wp214476.wpdns.ca\/\",\"name\":\"Turkish Canadian Cultural Association\",\"description\":\"Broaden Your Culture!\",\"publisher\":{\"@id\":\"http:\/\/wp214476.wpdns.ca\/#organization\"},\"potentialAction\":[{\"@type\":\"SearchAction\",\"target\":{\"@type\":\"EntryPoint\",\"urlTemplate\":\"http:\/\/wp214476.wpdns.ca\/?s={search_term_string}\"},\"query-input\":{\"@type\":\"PropertyValueSpecification\",\"valueRequired\":true,\"valueName\":\"search_term_string\"}}],\"inLanguage\":\"tr\"},{\"@type\":\"Organization\",\"@id\":\"http:\/\/wp214476.wpdns.ca\/#organization\",\"name\":\"Turkish Canadian Cultural Association\",\"url\":\"http:\/\/wp214476.wpdns.ca\/\",\"logo\":{\"@type\":\"ImageObject\",\"inLanguage\":\"tr\",\"@id\":\"http:\/\/wp214476.wpdns.ca\/#\/schema\/logo\/image\/\",\"url\":\"https:\/\/www.turk.ca\/wp-content\/uploads\/2024\/02\/cropped-cropped-Logo1-02-removebg-preview-1.png\",\"contentUrl\":\"https:\/\/www.turk.ca\/wp-content\/uploads\/2024\/02\/cropped-cropped-Logo1-02-removebg-preview-1.png\",\"width\":512,\"height\":512,\"caption\":\"Turkish Canadian Cultural Association\"},\"image\":{\"@id\":\"http:\/\/wp214476.wpdns.ca\/#\/schema\/logo\/image\/\"}}]}<\/script>\n<!-- \/ Yoast SEO plugin. -->","yoast_head_json":{"title":"Membership - Turkish Canadian Cultural Association","robots":{"index":"index","follow":"follow","max-snippet":"max-snippet:-1","max-image-preview":"max-image-preview:large","max-video-preview":"max-video-preview:-1"},"canonical":"https:\/\/www.turk.ca\/tr\/uyelik\/","og_locale":"tr_TR","og_type":"article","og_title":"Membership - Turkish Canadian Cultural Association","og_description":"Membership Become a TCCA Member Thank you for your interest in becoming a member of the Turkish Canadian Cultural Association(TCCA). By becoming an TCCA member you will be part of a network of Turkish-Canadians and friends of T\u00fcrkiye who care about the history, culture, food and language of T\u00fcrkiye in the Capital Region through events, [&hellip;]","og_url":"https:\/\/www.turk.ca\/tr\/uyelik\/","og_site_name":"Turkish Canadian Cultural Association","article_modified_time":"2024-06-09T19:49:42+00:00","twitter_misc":{"Tahmini okuma s\u00fcresi":"2 dakika"},"schema":{"@context":"https:\/\/schema.org","@graph":[{"@type":"WebPage","@id":"https:\/\/www.turk.ca\/uyelik\/","url":"https:\/\/www.turk.ca\/uyelik\/","name":"Membership - Turkish Canadian Cultural Association","isPartOf":{"@id":"http:\/\/wp214476.wpdns.ca\/#website"},"datePublished":"2018-08-07T17:41:26+00:00","dateModified":"2024-06-09T19:49:42+00:00","breadcrumb":{"@id":"https:\/\/www.turk.ca\/uyelik\/#breadcrumb"},"inLanguage":"tr","potentialAction":[{"@type":"ReadAction","target":["https:\/\/www.turk.ca\/uyelik\/"]}]},{"@type":"BreadcrumbList","@id":"https:\/\/www.turk.ca\/uyelik\/#breadcrumb","itemListElement":[{"@type":"ListItem","position":1,"name":"Home","item":"https:\/\/www.turk.ca\/"},{"@type":"ListItem","position":2,"name":"Membership"}]},{"@type":"WebSite","@id":"http:\/\/wp214476.wpdns.ca\/#website","url":"http:\/\/wp214476.wpdns.ca\/","name":"Turkish Canadian Cultural Association","description":"Broaden Your Culture!","publisher":{"@id":"http:\/\/wp214476.wpdns.ca\/#organization"},"potentialAction":[{"@type":"SearchAction","target":{"@type":"EntryPoint","urlTemplate":"http:\/\/wp214476.wpdns.ca\/?s={search_term_string}"},"query-input":{"@type":"PropertyValueSpecification","valueRequired":true,"valueName":"search_term_string"}}],"inLanguage":"tr"},{"@type":"Organization","@id":"http:\/\/wp214476.wpdns.ca\/#organization","name":"Turkish Canadian Cultural Association","url":"http:\/\/wp214476.wpdns.ca\/","logo":{"@type":"ImageObject","inLanguage":"tr","@id":"http:\/\/wp214476.wpdns.ca\/#\/schema\/logo\/image\/","url":"https:\/\/www.turk.ca\/wp-content\/uploads\/2024\/02\/cropped-cropped-Logo1-02-removebg-preview-1.png","contentUrl":"https:\/\/www.turk.ca\/wp-content\/uploads\/2024\/02\/cropped-cropped-Logo1-02-removebg-preview-1.png","width":512,"height":512,"caption":"Turkish Canadian Cultural Association"},"image":{"@id":"http:\/\/wp214476.wpdns.ca\/#\/schema\/logo\/image\/"}}]}},"_links":{"self":[{"href":"https:\/\/www.turk.ca\/tr\/wp-json\/wp\/v2\/pages\/246"}],"collection":[{"href":"https:\/\/www.turk.ca\/tr\/wp-json\/wp\/v2\/pages"}],"about":[{"href":"https:\/\/www.turk.ca\/tr\/wp-json\/wp\/v2\/types\/page"}],"author":[{"embeddable":true,"href":"https:\/\/www.turk.ca\/tr\/wp-json\/wp\/v2\/users\/1"}],"replies":[{"embeddable":true,"href":"https:\/\/www.turk.ca\/tr\/wp-json\/wp\/v2\/comments?post=246"}],"version-history":[{"count":49,"href":"https:\/\/www.turk.ca\/tr\/wp-json\/wp\/v2\/pages\/246\/revisions"}],"predecessor-version":[{"id":1156,"href":"https:\/\/www.turk.ca\/tr\/wp-json\/wp\/v2\/pages\/246\/revisions\/1156"}],"wp:attachment":[{"href":"https:\/\/www.turk.ca\/tr\/wp-json\/wp\/v2\/media?parent=246"}],"curies":[{"name":"wp","href":"https:\/\/api.w.org\/{rel}","templated":true}]}}